{"id":43,"date":"2017-12-26T21:31:12","date_gmt":"2017-12-26T21:31:12","guid":{"rendered":"http:\/\/letterstothechurches.com\/?page_id=43"},"modified":"2020-09-10T04:46:41","modified_gmt":"2020-09-10T04:46:41","slug":"letters","status":"publish","type":"page","link":"https:\/\/letterstothechurches.com\/index.php\/letters\/","title":{"rendered":"The Letters"},"content":{"rendered":"<p>Jesus Christ letters for the churches were entrusted to me to be delivered in person to the churches in various nations. These letters were conveyed to specific churches the Holy Spirit pointed out to me once I travelled to the countries and cities Jesus Christ called me to go to. The letters are intended for the leadership of the churches and the body of Christ to strengthen, warn and prepare the Bride as well as encouraging God\u2019s workers to proclaiming the Good News before Jesus Christ Glorious return to take his Bride.<\/p>\n<p><strong><em>&#8220;And the LORD hath sent unto you all his servants the prophets, rising early and sending\u00a0them; but ye have not hearkened, nor inclined your ear to hear.&#8221; Jeremiah 25:4<\/em><\/strong><\/p>\n<p>The letters below are listed in chronological order and by geographical regions from the most to the least recently visited.<\/p>\n<p><strong>Africa<\/strong><\/p>\n<p>Jesus Christ <a href=\"https:\/\/letterstothechurches.com\/jesus-christ-for-the-churches-of-rwanda-final-1\/\">Letter for the Churches of Rwanda<\/a><\/p>\n<p>Jesus Christ Letter for the Churches of Uganda<\/p>\n<p>Jesus Christ Letter for the Churches of Tanzania<\/p>\n<p>Jesus Christ Letter for the Churches of Kenya<\/p>\n<p>Jesus Christ Letter for the Churches of Zambia<\/p>\n<p>Jesus Christ Letter for the Churches of Malawi<\/p>\n<p>Jesus Christ Letter for the Churches of Lubumbashi (DRC)<\/p>\n<p>Jesus Christ Letter for the Churches of Namibia<\/p>\n<p>J\u00e9sus-Christ pour les \u00c9glises de Madagascar<\/p>\n<p><strong>Canada<\/strong><\/p>\n<p>Jesus Christ letter for the\u00a0<a href=\"https:\/\/letterstothechurches.com\/wp-content\/uploads\/2018\/09\/Jesus-Christ-for-the-Churches-of-the-GTA-and-SW-On-Fin.pdf\">Churches of Toronto and South Western Ontario<\/a>.<\/p>\n<p><strong>Europe<\/strong><\/p>\n<p>Jesus Christ letter for the <a href=\"https:\/\/letterstothechurches.com\/wp-content\/uploads\/2018\/05\/Jesus-Christ-for-the-Churches-of-Ireland.pdf\">Churches of Ireland<\/a>.<\/p>\n<p>Jesus Christ letter to the<a href=\"https:\/\/letterstothechurches.com\/wp-content\/uploads\/2018\/04\/Jesus-Christ-for-the-Churches-of-the-UK-.pdf\"> Churches of the United Kingdom<\/a>.<\/p>\n<p>Jesus Christ letter for the <a href=\"https:\/\/letterstothechurches.com\/wp-content\/uploads\/2018\/05\/J-C-Letter-to-the-Churches-of-Belgium-English.pdf\">Churches of Belgium<\/a>.<\/p>\n<p>J\u00e9sus-Christ Pour les <a href=\"https:\/\/letterstothechurches.com\/wp-content\/uploads\/2018\/05\/Lettre-de-J-C-pour-la-Belgique.pdf\">\u00c9glises de Belgique<\/a>.<\/p>\n<p>Jesus Christ letter for Churches of France<\/p>\n<p>Pour les <a href=\"https:\/\/letterstothechurches.com\/wp-content\/uploads\/2018\/05\/Lettre-JC-Lyon.pdf\">\u00c9glises de Lyon<\/a>.<\/p>\n<p>Pour les <a href=\"https:\/\/letterstothechurches.com\/wp-content\/uploads\/2018\/05\/Lettre-pour-les-\u00c9glises-de-Marseilles-Toul.pdf\">\u00c9glises de Marseille et de Toulon<\/a>.<\/p>\n<p>Pour les <a href=\"https:\/\/letterstothechurches.com\/wp-content\/uploads\/2018\/05\/Lettre-de-J-C-Grenoble-.pdf\">\u00c9glises de Grenoble<\/a>.<\/p>\n<p>Pour les <a href=\"https:\/\/letterstothechurches.com\/wp-content\/uploads\/2018\/05\/Lettre-de-J\u00e9sus-Christ-pour-Nancy.pdf\">\u00c9glises de Nancy<\/a>.<\/p>\n<p><strong>South Asia<\/strong><\/p>\n<p><em>Jesus Christ Letter to the Churches of India.<\/em><\/p>\n<p><strong>\u00a0\u00a0\u00a0\u00a0\u00a0\u00a0\u00a0\u00a0\u00a0\u00a0\u00a0\u00a0\u00a0\u00a0\u00a0\u00a0\u00a0\u00a0\u00a0\u00a0\u00a0\u00a0\u00a0\u00a0\u00a0\u00a0\u00a0\u00a0 <\/strong>Jesus Christ for the <a href=\"https:\/\/letterstothechurches.com\/wp-content\/uploads\/2018\/05\/Message-for-the-Churches-of-Mumbai-COMP.pdf\">Churches of Mumbia<\/a>.<\/p>\n<p style=\"text-align: left;\">\u00a0\u00a0\u00a0\u00a0\u00a0\u00a0\u00a0\u00a0\u00a0\u00a0\u00a0\u00a0\u00a0\u00a0\u00a0\u00a0\u00a0\u00a0\u00a0\u00a0\u00a0\u00a0\u00a0\u00a0\u00a0\u00a0\u00a0\u00a0\u00a0\u00a0Jesus Christ for the <a href=\"https:\/\/letterstothechurches.com\/wp-content\/uploads\/2018\/05\/Jesus_christ-for-The-Churches-oF-Delhi-2.pdf\">Churches of New Delhi<\/a>.<\/p>\n<p><strong>Oceania<\/strong><\/p>\n<p>Jesus Christ letter to the Churches of Australia.<\/p>\n<p><em>Jesus Christ Letter to the <a href=\"https:\/\/letterstothechurches.com\/wp-content\/uploads\/2018\/05\/Message-for-the-Churches-of-New-Zealand.pdf\">Churches of New Zealand<\/a>.<\/em><\/p>\n<p>For the churches of Auckland.<\/p>\n<p>For the Churches of Christchurch.<\/p>\n<p><strong>Africa <\/strong>(Suite)<\/p>\n<p>Jesus Christ for the <a href=\"https:\/\/letterstothechurches.com\/wp-content\/uploads\/2018\/05\/Jesus-Christ-for-South-Africa.pdf\">Churches of South Africa<\/a>.<\/p>\n<p><em>Jesus for the Churches of the Republics of the Congo\u2019s.<\/em><\/p>\n<p>Pour <a href=\"https:\/\/letterstothechurches.com\/wp-content\/uploads\/2018\/05\/JESUS-pour-les-congos.pdf\">les \u00c9glises de la R\u00e9publique D\u00e9mocratique du Congo et la R\u00e9publique Populaire\u00a0du Congo<\/a>.<\/p>\n<p>Jesus Christ for the Churches of Ghana.<\/p>\n<p>Jesus Christ for the Church of Nigeria.<\/p>\n<p>J\u00e9sus-Christ pour les<a href=\"https:\/\/letterstothechurches.com\/wp-content\/uploads\/2018\/05\/Jesus-Christ-pr-SenBen-Cam-Gab-Gui-Tch-Rca.pdf\"> \u00c9glises du B\u00e9nin<\/a>.<\/p>\n<p>J\u00e9sus-Christ pour les <a href=\"https:\/\/letterstothechurches.com\/wp-content\/uploads\/2018\/05\/Jesus-Christ-pr-SenBen-Cam-Gab-Gui-Tch-Rca.pdf\">\u00c9glises du Gabon<\/a>.<\/p>\n<p>J\u00e9sus-Christ pour les <a href=\"https:\/\/letterstothechurches.com\/wp-content\/uploads\/2018\/05\/Jesus-Christ-pr-SenBen-Cam-Gab-Gui-Tch-Rca.pdf\">\u00c9glises du Tchad<\/a>.<\/p>\n<p>Jesus Christ for the churches of Cote d\u2019Ivoire.<\/p>\n<p>J\u00e9sus-Christ pour les <a href=\"https:\/\/letterstothechurches.com\/wp-content\/uploads\/2018\/05\/Jesus-Christ-pr-SenBen-Cam-Gab-Gui-Tch-Rca.pdf\">\u00c9glises du Cameroun<\/a>.<\/p>\n<p>J\u00e9sus-Christ pour les<a href=\"https:\/\/letterstothechurches.com\/wp-content\/uploads\/2018\/05\/Jesus-Christ-pr-SenBen-Cam-Gab-Gui-Tch-Rca.pdf\"> \u00c9glises de la R\u00e9publique de\u00a0Guin\u00e9e<\/a>.<\/p>\n<p>J\u00e9sus-Christ pour les <a href=\"https:\/\/letterstothechurches.com\/wp-content\/uploads\/2018\/05\/Jesus-Christ-pr-SenBen-Cam-Gab-Gui-Tch-Rca.pdf\">\u00c9glises du S\u00e9n\u00e9gal<\/a>.<\/p>\n<p>J\u00e9sus Christ pour <a href=\"https:\/\/letterstothechurches.com\/wp-content\/uploads\/2018\/05\/E-Afrique-Francophone.pdf\">les \u00c9glises d&#8217;Afrique Francophone<\/a>.<\/p>\n<p><strong>America<\/strong><\/p>\n<p>Jesus Christ for the churches of the America.<\/p>\n<p>Jesus Christ for the churches of Canada.<\/p>\n<h3><strong>\u00a0\u00a0\u00a0\u00a0\u00a0\u00a0\u00a0\u00a0\u00a0\u00a0\u00a0\u00a0\u00a0\u00a0\u00a0\u00a0\u00a0\u00a0\u00a0\u00a0\u00a0\u00a0\u00a0\u00a0\u00a0\u00a0\u00a0\u00a0\u00a0\u00a0\u00a0\u00a0\u00a0\u00a0\u00a0\u00a0\u00a0\u00a0\u00a0\u00a0\u00a0\u00a0\u00a0\u00a0\u00a0\u00a0\u00a0\u00a0\u00a0\u00a0<em> The Purpose of the Letter<\/em> <\/strong><\/h3>\n<p><strong>Edification and strengthening<\/strong><\/p>\n<p>The primary role of prophecy is to build up the body of Christ and the people as it is intended too. The Most High sees our struggles and he wants to build us up and strengthen our walk in the Holy Spirit.<\/p>\n<p><strong><em>\u201cBut the one who prophesies speaks to people for their strengthening, encouraging and comfort.\u201d1 Cor 14:3<\/em><\/strong><\/p>\n<p><strong><em>\u201cNow Judas and Silas, themselves being prophets also, exhorted and strengthened the brethren with many words.\u201d Acts 15:<\/em><\/strong><\/p>\n<p><b><strong>Warning<\/strong><\/b><\/p>\n<p>In the Old and the New Testaments we have multiple instances of prophecy as mean of warning.<\/p>\n<p><strong><em>The <span class=\"small-caps\">Lord<\/span>, the God of their ancestors, sent word to them through his messengers again and again, because he had pity on his people and on his dwelling place. 2 Chronicles 36:15\u00a0\u00a0\u00a0\u00a0\u00a0\u00a0\u00a0\u00a0\u00a0\u00a0\u00a0\u00a0\u00a0\u00a0\u00a0\u00a0\u00a0\u00a0\u00a0\u00a0\u00a0\u00a0\u00a0\u00a0\u00a0\u00a0\u00a0\u00a0\u00a0\u00a0\u00a0\u00a0\u00a0\u00a0\u00a0\u00a0\u00a0\u00a0\u00a0\u00a0\u00a0\u00a0\u00a0\u00a0\u00a0\u00a0\u00a0\u00a0\u00a0\u00a0\u00a0\u00a0\u00a0\u00a0\u00a0\u00a0\u00a0\u00a0\u00a0\u00a0\u00a0\u00a0\u00a0\u00a0\u00a0\u00a0\u00a0\u00a0\u00a0\u00a0\u00a0\u00a0\u00a0\u00a0\u00a0\u00a0\u00a0\u00a0\u00a0\u00a0\u00a0\u00a0\u00a0\u00a0\u00a0\u00a0\u00a0\u00a0\u00a0\u00a0\u00a0\u00a0\u00a0\u00a0\u00a0\u00a0\u00a0\u00a0\u00a0\u00a0\u00a0\u00a0\u00a0\u00a0\u00a0\u00a0\u00a0\u00a0\u00a0\u00a0\u00a0\u00a0\u00a0\u00a0\u00a0\u00a0 <\/em><\/strong><\/p>\n<p><strong><em>&#8220;Since the day that your fathers came out of the land of Egypt until this day, I have sent you all my servants the prophets, daily rising early and sending them.\u201d <a href=\"http:\/\/biblehub.com\/jeremiah\/7-25.htm\">Jeremiah 7:25<\/a><\/em><\/strong><\/p>\n<p><strong><em>\u201cBecause of this, I am sending you prophets and wise men and teachers. Some of them you will kill and crucify, and others you will flog in your synagogues and persecute in town after town.\u201d<\/em><\/strong><strong><em> <a href=\"http:\/\/biblehub.com\/matthew\/23-34.htm\">Matthew 23:34<\/a><\/em><\/strong><\/p>\n<p><b><strong> Repentance<\/strong><\/b><\/p>\n<p>God\u2019s love for us is bondless and he wants us to be free and in him, in exposing sins and the things we are struggling with he inviting us to return to him and repent. In order reveals to us what are the things that displease God in the church and in our lives. It is an invitation to reform or ways and returning to God. Repentance mean for us to return to God\u2019s Holy Word and to obey his commandments.<\/p>\n<p><strong><em>Take with you words, and turn to the LORD: say to him, Take away all iniquity, and receive us graciously. <\/em><\/strong><strong><em><a href=\"http:\/\/biblehub.com\/sermons\/hosea\/14-2.htm\">Hosea 14:2<\/a><\/em><\/strong><\/p>\n<p><strong><em>\u00a0&#8220;<\/em><\/strong><strong><em>Go, proclaim this message toward the north: &#8220;&#8216;Return, faithless Israel,&#8217; declares the LORD, &#8216;I will frown on you no longer, for I am faithful,&#8217; declares the LORD, &#8216;I will not be angry forever.&#8221; \u00a0Jeremiah 3:12<\/em><\/strong><\/p>\n<p><strong><em>\u00a0<\/em><\/strong><strong><em>\u201cTherefore say to them, \u2018Thus says the LORD of hosts, return to me, declares the LORD of hosts, that I may return to you, says the LORD of hosts.&#8221; Zechariah 1:3<\/em><\/strong><\/p>\n<p><strong>\u00a0<\/strong><b><strong>Guidance<\/strong><\/b><\/p>\n<p>Jesus Christ through the Holy Spirit is using the prophetic to guide us because\u00a0God&#8217;s people throughout their history have consistently fallen away from God&#8217;s will and into darkness; the prophetic\u00a0is like a backup light\u00a0pointing us to the\u00a0Full Daylight of God&#8217;s Holy Word and it&#8217;s been\u00a0powered wonderfully by the Holy Spirit from the beginning.<\/p>\n<p><strong><em>\u201cWe also have the prophetic message as something completely reliable, and you will do well to pay attention to it, as to a light shining in a dark place, until the day dawns and the morning star rises in your hearts.\u00a0Above all, you must understand that no prophecy of Scripture came about by the prophet\u2019s own interpretation of things.\u00a0For prophecy never had its origin in the human will, but prophets, though human, spoke from God as they were carried along by the Holy Spirit.\u201d 2 Peter 1:19-21<\/em><\/strong><\/p>\n","protected":false},"excerpt":{"rendered":"<p>Jesus Christ letters for the churches were entrusted to me to be delivered in person to the churches in various nations. These letters were conveyed to specific churches the Holy Spirit pointed out to me once I travelled to the countries and cities Jesus Christ called me to go to. The letters are intended for the leadership of the churches [&hellip;]<\/p>\n","protected":false},"author":1,"featured_media":0,"parent":0,"menu_order":2,"comment_status":"closed","ping_status":"closed","template":"","meta":{"om_disable_all_campaigns":false,"_monsterinsights_skip_tracking":false,"_monsterinsights_sitenote_active":false,"_monsterinsights_sitenote_note":"","_monsterinsights_sitenote_category":0,"footnotes":""},"class_list":["post-43","page","type-page","status-publish","hentry"],"_links":{"self":[{"href":"https:\/\/letterstothechurches.com\/index.php\/wp-json\/wp\/v2\/pages\/43","targetHints":{"allow":["GET"]}}],"collection":[{"href":"https:\/\/letterstothechurches.com\/index.php\/wp-json\/wp\/v2\/pages"}],"about":[{"href":"https:\/\/letterstothechurches.com\/index.php\/wp-json\/wp\/v2\/types\/page"}],"author":[{"embeddable":true,"href":"https:\/\/letterstothechurches.com\/index.php\/wp-json\/wp\/v2\/users\/1"}],"replies":[{"embeddable":true,"href":"https:\/\/letterstothechurches.com\/index.php\/wp-json\/wp\/v2\/comments?post=43"}],"version-history":[{"count":20,"href":"https:\/\/letterstothechurches.com\/index.php\/wp-json\/wp\/v2\/pages\/43\/revisions"}],"predecessor-version":[{"id":284,"href":"https:\/\/letterstothechurches.com\/index.php\/wp-json\/wp\/v2\/pages\/43\/revisions\/284"}],"wp:attachment":[{"href":"https:\/\/letterstothechurches.com\/index.php\/wp-json\/wp\/v2\/media?parent=43"}],"curies":[{"name":"wp","href":"https:\/\/api.w.org\/{rel}","templated":true}]}}